{"id":1441,"date":"2024-05-13T08:59:27","date_gmt":"2024-05-13T08:59:27","guid":{"rendered":"https:\/\/ilersap.com\/clients-esp\/"},"modified":"2024-05-22T09:00:13","modified_gmt":"2024-05-22T09:00:13","slug":"area-de-clients-2","status":"publish","type":"page","link":"https:\/\/ilersap.com\/es\/area-de-clients-2\/","title":{"rendered":"Clients (ESP)"},"content":{"rendered":"<div id=\"cs-content\" class=\"cs-content\"><\/div>\n","protected":false},"excerpt":{"rendered":"<p>&Aacute;rea de clientes Accede aqu\u00ed para visualizar y descargar informes de ensayo y facturas Gesti\u00f3n documentalAccede aqu\u00ed para visualizar y tratar el historial de resultados An\u00e1lisis de datos<\/p>\n","protected":false},"author":1,"featured_media":0,"parent":0,"menu_order":0,"comment_status":"closed","ping_status":"closed","template":"template-blank-4.php","meta":{"footnotes":""},"class_list":["post-1441","page","type-page","status-publish","hentry","no-post-thumbnail"],"_links":{"self":[{"href":"https:\/\/ilersap.com\/es\/wp-json\/wp\/v2\/pages\/1441","targetHints":{"allow":["GET"]}}],"collection":[{"href":"https:\/\/ilersap.com\/es\/wp-json\/wp\/v2\/pages"}],"about":[{"href":"https:\/\/ilersap.com\/es\/wp-json\/wp\/v2\/types\/page"}],"author":[{"embeddable":true,"href":"https:\/\/ilersap.com\/es\/wp-json\/wp\/v2\/users\/1"}],"replies":[{"embeddable":true,"href":"https:\/\/ilersap.com\/es\/wp-json\/wp\/v2\/comments?post=1441"}],"version-history":[{"count":4,"href":"https:\/\/ilersap.com\/es\/wp-json\/wp\/v2\/pages\/1441\/revisions"}],"predecessor-version":[{"id":1480,"href":"https:\/\/ilersap.com\/es\/wp-json\/wp\/v2\/pages\/1441\/revisions\/1480"}],"wp:attachment":[{"href":"https:\/\/ilersap.com\/es\/wp-json\/wp\/v2\/media?parent=1441"}],"curies":[{"name":"wp","href":"https:\/\/api.w.org\/{rel}","templated":true}]}}