{"id":946,"date":"2023-05-16T07:25:11","date_gmt":"2023-05-16T07:25:11","guid":{"rendered":"https:\/\/ilersap.com\/persones-spanish\/"},"modified":"2025-11-18T09:43:32","modified_gmt":"2025-11-18T09:43:32","slug":"personas","status":"publish","type":"page","link":"https:\/\/ilersap.com\/es\/personas\/","title":{"rendered":"Personas"},"content":{"rendered":"<div id=\"cs-content\" class=\"cs-content\"><\/div>\n","protected":false},"excerpt":{"rendered":"<p>Personas al serviciode profesionales,y profesionalesal servicio de personas Desde ilersap intentamos resolver o tramitar de forma r&aacute;pida y eficaz cualquier duda, gesti&oacute;n, queja o propuesta que nos hagan llegar. Siempre les atender&aacute; e informar&aacute; de manera directa la persona especializada en cada caso o &aacute;mbitoContactarVanessariu coll Direcci&oacute;n Lloren\u00e7 Montal i Escrib\u00e0 Direcci&oacute;n t&eacute;cnica Carla Casino Plo Direcci&oacute;n t&eacute;cnica Maria Fi\u00f1ana &#8230; <\/p>\n<div><a href=\"https:\/\/ilersap.com\/es\/personas\/\" class=\"more-link\">Read More<\/a><\/div>\n","protected":false},"author":1,"featured_media":0,"parent":0,"menu_order":0,"comment_status":"closed","ping_status":"closed","template":"template-blank-4.php","meta":{"footnotes":""},"class_list":["post-946","page","type-page","status-publish","hentry","no-post-thumbnail"],"_links":{"self":[{"href":"https:\/\/ilersap.com\/es\/wp-json\/wp\/v2\/pages\/946","targetHints":{"allow":["GET"]}}],"collection":[{"href":"https:\/\/ilersap.com\/es\/wp-json\/wp\/v2\/pages"}],"about":[{"href":"https:\/\/ilersap.com\/es\/wp-json\/wp\/v2\/types\/page"}],"author":[{"embeddable":true,"href":"https:\/\/ilersap.com\/es\/wp-json\/wp\/v2\/users\/1"}],"replies":[{"embeddable":true,"href":"https:\/\/ilersap.com\/es\/wp-json\/wp\/v2\/comments?post=946"}],"version-history":[{"count":17,"href":"https:\/\/ilersap.com\/es\/wp-json\/wp\/v2\/pages\/946\/revisions"}],"predecessor-version":[{"id":1986,"href":"https:\/\/ilersap.com\/es\/wp-json\/wp\/v2\/pages\/946\/revisions\/1986"}],"wp:attachment":[{"href":"https:\/\/ilersap.com\/es\/wp-json\/wp\/v2\/media?parent=946"}],"curies":[{"name":"wp","href":"https:\/\/api.w.org\/{rel}","templated":true}]}}