{"id":956,"date":"2023-06-01T08:40:28","date_gmt":"2023-06-01T08:40:28","guid":{"rendered":"https:\/\/ilersap.com\/empresa-spanish\/"},"modified":"2024-07-30T09:54:08","modified_gmt":"2024-07-30T09:54:08","slug":"empresa","status":"publish","type":"page","link":"https:\/\/ilersap.com\/es\/empresa\/","title":{"rendered":"Empresa"},"content":{"rendered":"<div id=\"cs-content\" class=\"cs-content\"><\/div>\n","protected":false},"excerpt":{"rendered":"<p>Nuestro prop\u00f3sito Misi\u00f3n Servicio anal&iacute;ticoy apoyopara interpretarlos resultados Proporcionar un servicio anal\u00edtico consciente de las necesidades del cliente, acompa\u00f1ado de un apoyo para interpretar los resultados y as\u00ed poder aportar informaci\u00f3n para la mejora de su proceso y\/o producto.Solucionesy nuevos caminosque aportentranquilidad Con la informaci\u00f3n anal\u00edtica, queremos aportar tranquilidad en el cumplimiento de la legislaci\u00f3n o criterios internos propios del &#8230; <\/p>\n<div><a href=\"https:\/\/ilersap.com\/es\/empresa\/\" class=\"more-link\">Read More<\/a><\/div>\n","protected":false},"author":1,"featured_media":0,"parent":0,"menu_order":0,"comment_status":"closed","ping_status":"closed","template":"template-blank-4.php","meta":{"footnotes":""},"class_list":["post-956","page","type-page","status-publish","hentry","no-post-thumbnail"],"_links":{"self":[{"href":"https:\/\/ilersap.com\/es\/wp-json\/wp\/v2\/pages\/956","targetHints":{"allow":["GET"]}}],"collection":[{"href":"https:\/\/ilersap.com\/es\/wp-json\/wp\/v2\/pages"}],"about":[{"href":"https:\/\/ilersap.com\/es\/wp-json\/wp\/v2\/types\/page"}],"author":[{"embeddable":true,"href":"https:\/\/ilersap.com\/es\/wp-json\/wp\/v2\/users\/1"}],"replies":[{"embeddable":true,"href":"https:\/\/ilersap.com\/es\/wp-json\/wp\/v2\/comments?post=956"}],"version-history":[{"count":15,"href":"https:\/\/ilersap.com\/es\/wp-json\/wp\/v2\/pages\/956\/revisions"}],"predecessor-version":[{"id":1593,"href":"https:\/\/ilersap.com\/es\/wp-json\/wp\/v2\/pages\/956\/revisions\/1593"}],"wp:attachment":[{"href":"https:\/\/ilersap.com\/es\/wp-json\/wp\/v2\/media?parent=956"}],"curies":[{"name":"wp","href":"https:\/\/api.w.org\/{rel}","templated":true}]}}