{"id":976,"date":"2023-09-05T08:56:06","date_gmt":"2023-09-05T08:56:06","guid":{"rendered":"https:\/\/ilersap.com\/historia-spanish\/"},"modified":"2023-10-17T16:46:27","modified_gmt":"2023-10-17T16:46:27","slug":"historia","status":"publish","type":"page","link":"https:\/\/ilersap.com\/es\/historia\/","title":{"rendered":"Historia"},"content":{"rendered":"<div id=\"cs-content\" class=\"cs-content\"><\/div>\n","protected":false},"excerpt":{"rendered":"<p>De un laboratorio de 90m2 en Mollerussa a uno de los centros de referencia en Catalunya El nacimiento ilersap naci\u00f3 en 2004 en Mollerussa en un laboratorio de 90 m2 donde se realizaban an\u00e1lisis f\u00edsico-qu\u00edmicos y microbiol\u00f3gicos en aguas, y en el que los clientes eran mayoritariamente de la zona de Catalunya.Llega la certificaci\u00f3n ISO 9001 Ese mismo a\u00f1o, obtuvimos &#8230; <\/p>\n<div><a href=\"https:\/\/ilersap.com\/es\/historia\/\" class=\"more-link\">Read More<\/a><\/div>\n","protected":false},"author":1,"featured_media":0,"parent":0,"menu_order":0,"comment_status":"closed","ping_status":"closed","template":"template-blank-4.php","meta":{"footnotes":""},"class_list":["post-976","page","type-page","status-publish","hentry","no-post-thumbnail"],"_links":{"self":[{"href":"https:\/\/ilersap.com\/es\/wp-json\/wp\/v2\/pages\/976","targetHints":{"allow":["GET"]}}],"collection":[{"href":"https:\/\/ilersap.com\/es\/wp-json\/wp\/v2\/pages"}],"about":[{"href":"https:\/\/ilersap.com\/es\/wp-json\/wp\/v2\/types\/page"}],"author":[{"embeddable":true,"href":"https:\/\/ilersap.com\/es\/wp-json\/wp\/v2\/users\/1"}],"replies":[{"embeddable":true,"href":"https:\/\/ilersap.com\/es\/wp-json\/wp\/v2\/comments?post=976"}],"version-history":[{"count":5,"href":"https:\/\/ilersap.com\/es\/wp-json\/wp\/v2\/pages\/976\/revisions"}],"predecessor-version":[{"id":1026,"href":"https:\/\/ilersap.com\/es\/wp-json\/wp\/v2\/pages\/976\/revisions\/1026"}],"wp:attachment":[{"href":"https:\/\/ilersap.com\/es\/wp-json\/wp\/v2\/media?parent=976"}],"curies":[{"name":"wp","href":"https:\/\/api.w.org\/{rel}","templated":true}]}}